{"id":57,"date":"2025-10-06T15:47:54","date_gmt":"2025-10-06T15:47:54","guid":{"rendered":"https:\/\/icwe2026.webengineering.org\/?page_id=57"},"modified":"2026-04-02T12:26:25","modified_gmt":"2026-04-02T12:26:25","slug":"program-committee","status":"publish","type":"page","link":"https:\/\/icwe2026.webengineering.org\/index.php\/program-committee\/","title":{"rendered":"Program Committee"},"content":{"rendered":"\t\t<div data-elementor-type=\"wp-page\" data-elementor-id=\"57\" class=\"elementor elementor-57\">\n\t\t\t\t<div class=\"elementor-element elementor-element-75ab97f e-flex e-con-boxed e-con e-parent\" data-id=\"75ab97f\" data-element_type=\"container\">\n\t\t\t\t\t<div class=\"e-con-inner\">\n\t\t<div class=\"elementor-element elementor-element-69452a6 e-con-full e-flex e-con e-child\" data-id=\"69452a6\" data-element_type=\"container\">\n\t\t\t\t<div class=\"elementor-element elementor-element-79bedf5 elementor-widget elementor-widget-heading\" data-id=\"79bedf5\" data-element_type=\"widget\" data-widget_type=\"heading.default\">\n\t\t\t\t\t<h1 class=\"elementor-heading-title elementor-size-default\">PROGRAM COMMITTEE<\/h1>\t\t\t\t<\/div>\n\t\t\t\t<div class=\"elementor-element elementor-element-d2b21de elementor-widget-divider--view-line elementor-widget elementor-widget-divider\" data-id=\"d2b21de\" data-element_type=\"widget\" data-widget_type=\"divider.default\">\n\t\t\t\t\t\t\t<div class=\"elementor-divider\">\n\t\t\t<span class=\"elementor-divider-separator\">\n\t\t\t\t\t\t<\/span>\n\t\t<\/div>\n\t\t\t\t\t\t<\/div>\n\t\t\t\t<\/div>\n\t\t\t\t\t<\/div>\n\t\t\t\t<\/div>\n\t\t<div class=\"elementor-element elementor-element-d848fea e-flex e-con-boxed e-con e-parent\" data-id=\"d848fea\" data-element_type=\"container\">\n\t\t\t\t\t<div class=\"e-con-inner\">\n\t\t\t\t<div class=\"elementor-element elementor-element-4b06227 elementor-widget elementor-widget-text-editor\" data-id=\"4b06227\" data-element_type=\"widget\" data-widget_type=\"text-editor.default\">\n\t\t\t\t\t\t\t\t\t<p>\u00a0<\/p><ul><li>S\u00f6ren Auer (TIB Leibniz Information Center Science &amp; Technology and University of Hannover)<\/li><li>Mohamed-Amine Baazizi (Sorbonne Universit\u00e9)<\/li><li>Marcos Baez (Bielefeld University of Applied Sciences)<\/li><li>Maxim Bakaev (Novosibirsk State Technical University)<\/li><li>Luciano Baresi (Politecnico di Milano)<\/li><li>Javier Berrocal (University of Extremadura)<\/li><li>Juan Boubeta-Puig (University of Cadiz)<\/li><li>Antonio Brogi (Universit\u00e0 di Pisa)<\/li><li>Radek Burget (Brno University of Technology, Faculty of Information Technology)<\/li><li>Christoph Bussler (Mistral AI)<\/li><li>Carlos Canal (University of Malaga)<\/li><li>Javier Luis Canovas Izquierdo (UOC)<\/li><li>Cinzia Cappiello (Politecnico di Milano)<\/li><li>Sven Casteleyn (Universitat Jaume I)<\/li><li>Richard Chbeir (Univ. Pau &amp; Pays Adour, UPPA\/E2S, LIUPPA Anglet, France)<\/li><li>Stefania Dumbrava (Institut Polytechnique de Paris)<\/li><li>Pablo Fernandez (University of Seville)<\/li><li>Flavius Frasincar (Erasmus University Rotterdam)<\/li><li>Martin Gaedke (Chemnitz University of Technology)<\/li><li>Alejandra Garrido (LIFIA-Facultad de Informatica-UNLP)<\/li><li>Irene Garrigos (University of Alicante)<\/li><li>Cesar Gonzalez Mora (University of Alicante)<\/li><li>Vijay Govindarajan (Expedia Group)<\/li><li>Juli\u00e1n Grigera (LIFIA-Facultad de Informatica-UNLP)<\/li><li>Sebastian Heil (Technische Universit\u00e4t Chemnitz)<\/li><li>Radu Tudor Ionescu (University of Bucharest, Faculty of Mathematics and Computer Science)<\/li><li>Gianpaolo Iuliano (University of Salerno)<\/li><li><span data-a93e679e-b221-4583-bb34-35ea565a3c5c-7=\"true\">Stefan Klikovits (Johannes Kepler University, Linz)<\/span><\/li><li>Istv\u00e1n Koren (E\u00f6tv\u00f6s Lor\u00e1nd University, Department of Data Science and Engineering)<\/li><li>Nathalie Moreno (Universidad de M\u00e1laga)<\/li><li>Radka Nacheva (University of Economics &#8211; Varna)<\/li><li>Elena Navarro (University of Castilla-La Mancha)<\/li><li>Guadalupe Ortiz (UCASE Software Engineering Group)<\/li><li>Oscar Pastor (Universidad Polit\u00e9cnica de Valencia)<\/li><li>Mohamed Ragab (Nahda University in Benisuef)<\/li><li>Werner Retschitzegger (Johannes Kepler University Linz, Information Systems Group)<\/li><li>Thomas Richter (Rhein-Waal University of Applied Sciences)<\/li><li>Ant\u00f3nio Rito Silva (Universidade de Lisboa)<\/li><li>Gustavo Rossi (LIFIA-Facultad de Informatica-UNLP)<\/li><li>Hrishikesh Terdalkar (BITS Pilani)<\/li><li>William Van Woensel (University of Ottawa)<\/li><li>Markel Vigo (The University of Manchester)<\/li><li>Manuel Wimmer (Johannes Kepler University Linz)<\/li><li>Yeliz Yesilada (Middle East Technical University NCC)<\/li><li>Peide Zhu (Delft University of Technology)<\/li><li>Shubhangi Agarwal (Indian Institute of Technology Kanpur)<\/li><\/ul>\t\t\t\t\t\t\t\t<\/div>\n\t\t\t\t\t<\/div>\n\t\t\t\t<\/div>\n\t\t\t\t<\/div>\n\t\t","protected":false},"excerpt":{"rendered":"<p>PROGRAM COMMITTEE \u00a0 S\u00f6ren Auer (TIB Leibniz Information Center Science &amp; Technology and University of Hannover) Mohamed-Amine Baazizi (Sorbonne Universit\u00e9) Marcos Baez (Bielefeld University of Applied Sciences) Maxim Bakaev (Novosibirsk State Technical University) Luciano Baresi (Politecnico di Milano) Javier Berrocal (University of Extremadura) Juan Boubeta-Puig (University of Cadiz) Antonio Brogi (Universit\u00e0 di Pisa) Radek Burget [&hellip;]<\/p>\n","protected":false},"author":4,"featured_media":0,"parent":0,"menu_order":0,"comment_status":"closed","ping_status":"closed","template":"","meta":{"footnotes":""},"class_list":["post-57","page","type-page","status-publish","hentry"],"_links":{"self":[{"href":"https:\/\/icwe2026.webengineering.org\/index.php\/wp-json\/wp\/v2\/pages\/57","targetHints":{"allow":["GET"]}}],"collection":[{"href":"https:\/\/icwe2026.webengineering.org\/index.php\/wp-json\/wp\/v2\/pages"}],"about":[{"href":"https:\/\/icwe2026.webengineering.org\/index.php\/wp-json\/wp\/v2\/types\/page"}],"author":[{"embeddable":true,"href":"https:\/\/icwe2026.webengineering.org\/index.php\/wp-json\/wp\/v2\/users\/4"}],"replies":[{"embeddable":true,"href":"https:\/\/icwe2026.webengineering.org\/index.php\/wp-json\/wp\/v2\/comments?post=57"}],"version-history":[{"count":34,"href":"https:\/\/icwe2026.webengineering.org\/index.php\/wp-json\/wp\/v2\/pages\/57\/revisions"}],"predecessor-version":[{"id":721,"href":"https:\/\/icwe2026.webengineering.org\/index.php\/wp-json\/wp\/v2\/pages\/57\/revisions\/721"}],"wp:attachment":[{"href":"https:\/\/icwe2026.webengineering.org\/index.php\/wp-json\/wp\/v2\/media?parent=57"}],"curies":[{"name":"wp","href":"https:\/\/api.w.org\/{rel}","templated":true}]}}