{"id":70,"date":"2025-10-06T15:50:46","date_gmt":"2025-10-06T15:50:46","guid":{"rendered":"https:\/\/icwe2026.webengineering.org\/?page_id=70"},"modified":"2026-02-12T14:57:03","modified_gmt":"2026-02-12T14:57:03","slug":"tutorials-track","status":"publish","type":"page","link":"https:\/\/icwe2026.webengineering.org\/index.php\/tutorials-track\/","title":{"rendered":"Tutorials Track"},"content":{"rendered":"\t\t<div data-elementor-type=\"wp-page\" data-elementor-id=\"70\" class=\"elementor elementor-70\">\n\t\t\t\t<div class=\"elementor-element elementor-element-063d57b e-flex e-con-boxed e-con e-parent\" data-id=\"063d57b\" data-element_type=\"container\">\n\t\t\t\t\t<div class=\"e-con-inner\">\n\t\t<div class=\"elementor-element elementor-element-c0df9fe e-con-full e-flex e-con e-child\" data-id=\"c0df9fe\" data-element_type=\"container\">\n\t\t\t\t<div class=\"elementor-element elementor-element-7de1857 elementor-widget elementor-widget-heading\" data-id=\"7de1857\" data-element_type=\"widget\" data-widget_type=\"heading.default\">\n\t\t\t\t\t<h1 class=\"elementor-heading-title elementor-size-default\"><span><strong>Tutorials Track Call for Papers<\/strong><\/span><\/h1>\t\t\t\t<\/div>\n\t\t\t\t<div class=\"elementor-element elementor-element-738d377 elementor-widget-divider--view-line elementor-widget elementor-widget-divider\" data-id=\"738d377\" data-element_type=\"widget\" data-widget_type=\"divider.default\">\n\t\t\t\t\t\t\t<div class=\"elementor-divider\">\n\t\t\t<span class=\"elementor-divider-separator\">\n\t\t\t\t\t\t<\/span>\n\t\t<\/div>\n\t\t\t\t\t\t<\/div>\n\t\t\t\t<\/div>\n\t\t<div class=\"elementor-element elementor-element-8625003 e-con-full e-flex e-con e-child\" data-id=\"8625003\" data-element_type=\"container\">\n\t\t<div class=\"elementor-element elementor-element-f7538ff e-con-full e-flex e-con e-child\" data-id=\"f7538ff\" data-element_type=\"container\">\n\t\t\t\t<div class=\"elementor-element elementor-element-9db3836 elementor-hidden-mobile elementor-widget elementor-widget-html\" data-id=\"9db3836\" data-element_type=\"widget\" data-widget_type=\"html.default\">\n\t\t\t\t\t<div class=\"wp-block-group is-layout-constrained wp-block-group-is-layout-constrained\">\n<div class=\"wp-block-columns is-layout-flex wp-container-core-columns-is-layout-28f84493 wp-block-columns-is-layout-flex\">\n<div class=\"wp-block-column is-layout-flow wp-block-column-is-layout-flow\" style=\"flex-basis:25%\"><\/div>\n\n\n\n<div class=\"wp-block-column is-layout-flow wp-block-column-is-layout-flow\" style=\"flex-basis:80%\">\n<div class=\"wp-block-group is-layout-constrained wp-block-group-is-layout-constrained\">\n<div class=\"wp-block-group is-content-justification-center is-nowrap is-layout-flex wp-container-core-group-is-layout-23441af8 wp-block-group-is-layout-flex\">\n<h2 class=\"wp-block-heading\">Overview<\/h2>\n<\/div>\n\n\n\n<p>ICWE 2026 invites proposals for tutorials on a broad range of Web Engineering topics. Conference participants include researchers and practitioners who are seeking to gain insight and knowledge of up-to-date strategies, methodologies, technologies, and tools used for developing, maintaining, and evolving Web applications. Examples of relevant topics include, but are not limited to:<\/p>\n\n\n\n<ul class=\"wp-block-list\">\n<li>Web application modeling and engineering<\/li>\n\n\n\n<li>Web mining and knowledge extraction<\/li>\n\n\n\n<li>Web Big Data and Web Data Analytics<\/li>\n\n\n\n<li>Mobile Web applications<\/li>\n\n\n\n<li>Web of Things applications<\/li>\n\n\n\n<li>Social Web applications<\/li>\n\n\n\n<li>Web crowdsourcing and human computation<\/li>\n\n\n\n<li>Semantic Web, Web ontologies, and Linked Open Data applications<\/li>\n\n\n\n<li>Web composition and mashups<\/li>\n\n\n\n<li>Web user interfaces<\/li>\n\n\n\n<li>Quality and accessibility aspects of Web applications<\/li>\n\n\n\n<li>Web security and privacy<\/li>\n\n\n\n<li>Web services, computing, and standards<\/li>\n\n\n\n<li>Microservice architecture for Web applications<\/li>\n\n\n\n<li>Cloud, fog, and edge computing for Web applications<\/li>\n\n\n\n<li>Fairness of Web technology<\/li>\n\n\n\n<li>User Modelling and Recommender Systems based on Web technology<\/li>\n\n\n\n<li>Explainable Web technology<\/li>\n<\/ul>\n\n\n\n<p>Following the general debate on the need for human-centric, responsible, and inclusive web technologies, the 26th edition of ICWE in particular invites contributions under the following general theme: Agentic & Autonomous Web: Design, Trust, Accessibility, Sustainability, and Performance.<\/p>\n\n\n\n<p>All proposed tutorials should be half-day (3 hours) or full-day (6 hours) in length. The length of tutorial proposals is limited to 4 pages. Proposals must clearly define both the scope and the depth of the tutorial, and they must clearly identify the intended audience, the assumed background knowledge, and learning objectives.&nbsp;<\/p>\n\n\n\n<p>All tutorial proposals must include the following information:<\/p>\n\n\n\n<ul class=\"wp-block-list\">\n<li>Title of the tutorial<\/li>\n\n\n\n<li>Contact information of the presenters (name, affiliation, email, mailing address, phone)<\/li>\n\n\n\n<li>Abstract outlining the goals and content of the tutorial (max 250 words)<\/li>\n\n\n\n<li>Length of the tutorial as either 3 hours (half a day) or 6 hours (full day)<\/li>\n\n\n\n<li>Definition of the intended audience (e.g., PhD students, early career researchers, all researchers, practitioners) and assumed background and knowledge<\/li>\n\n\n\n<li>Overview of the tutorial structure, list of topics covered, and short description of learning objectives\/outcomes<\/li>\n\n\n\n<li>Information about any hands-on component (e.g., where attendees will actually use a tool or do an exercise), and what kind of computer would be needed for this<\/li>\n\n\n\n<li>Biographies of the presenter(s), including information regarding their expertise relevant to the tutorial<\/li>\n\n\n\n<li>Any relevant references to the work of the presenters or other references relevant to the tutorial<\/li>\n\n\n\n<li>Statement about any previous related tutorial presentations<\/li>\n\n\n\n<li>Sample slides of the tutorial, if available<\/li>\n<\/ul>\n\n\n\n<p>The tutorial may be canceled if the number of registrations is very low. Along with a notification of acceptance, presenters will receive further instructions on how to prepare a four-page summary of the tutorial to be included in the conference proceedings, tutorial notes to be made available on the conference website, and brief biographies to be published in the conference program.<\/p>\n\n\n\n<h3 class=\"wp-block-heading\"><strong>SUBMISSION INSTRUCTIONS<\/strong><\/h3>\n\n\n\n<p>All submitted proposals must be formatted in accordance with the information for Springer LNCS authors at <a href=\"https:\/\/www.springer.com\/gp\/computer-science\/lncs\/conference-proceedings-guidelines\">https:\/\/www.springer.com\/gp\/computer-science\/lncs\/conference-proceedings-guidelines<\/a> and submitted in PDF. A four-page summary of the proposal will be included into the ICWE 2026 Springer LNCS proceedings. Submissions and reviewing are supported by the EasyChair system (<a href=\"https:\/\/easychair.org\/conferences\/?conf=icwe2026\">https:\/\/easychair.org\/conferences\/?conf=icwe2026<\/a>). Submissions that do not comply with the required submission format or that fall outside the scope of the conference will be desk-rejected without review.<\/p>\n\n<img decoding=\"async\" src=\"https:\/\/icwe2026.webengineering.org\/wp-content\/uploads\/2025\/10\/LNCS-Logo.png\" style=\"display: block; margin: 20px auto; max-width: 80%; height: auto;\" href=\"https:\/\/link.springer.com\/conference\/icwe\">\n\n<h4 class=\"wp-block-heading\"><strong>USE OF GENERATIVE AI<\/strong><\/h4>\n\n\n\n<p>Authors should explicitly disclose the use of generative AI and AI-assisted technologies in their manuscripts when these tools are employed for more than just editing the author\u2019s text. This disclosure can be made through a statement placed at the end of the manuscript, preceding the References section.<\/p>\n\n\n\n<p>If it comes to our notice that a submission utilizes large language models (LLMs) without clear disclosure, such papers will be subject to immediate desk rejection. However, if there is no usage of such technologies, no disclosure statement is required.<\/p>\n\n\n\n<h3 class=\"wp-block-heading\">IMPORTANT DATES<\/h3>\n\n\n\n<p>All dates are according to the time zone \u201cAnywhere on Earth\u201d, i.e., UTC-12.<\/p>\n\n\n\n<ul class=\"wp-block-list\">\n<li class=\"wp-elements-a58514af94e5e553e7d7a4a185af1bc7\">Submission deadline:&nbsp;<strong><s>February 13, 2026<\/s> (New) February 20, 2026<\/strong><\/li>\n\n\n\n<li class=\" wp-elements-17bddb5c4ee69be26bb92b73ca06cc53\">Notification of acceptance:&nbsp;<strong>March 30, 2026<\/strong><\/li>\n\n\n\n<li>Camera-ready due:&nbsp;<strong>April 3, 2026<\/strong><\/li>\n<\/ul>\n\n\n\n<h3 class=\"wp-block-heading\">TUTORIAL TRACK PROGRAM CHAIRS<\/h3>\n\n\n\n<ul class=\"wp-block-list\">\n<li><strong>Abel G\u00f3mez<\/strong>,Universitat Polit\u00e8cnica de Val\u00e8ncia, Spain<\/li>\n\n\n<li><strong>Javier Luis C\u00e1novas Izquierdoe<\/strong>, Universitat Oberta de Catalunya, Spain<\/li>\n<\/ul>\n<\/div>\n\n\n\n<h3 class=\"wp-block-heading\">CONTACT<\/h3>\n\n\n\n<p>Any questions about submitting contributions to the research track should be emailed to <a href=\"mailto:tutorialchair.icwe2026@webengineering.org\" target=\"_blank\" rel=\"noreferrer noopener\">tutorialchair.icwe2026@webengineering.org<\/a><\/p>\n<\/div>\n\n\n\n<div class=\"wp-block-column is-layout-flow wp-block-column-is-layout-flow\" style=\"flex-basis:25%\"><\/div>\n<\/div>\n<\/div>\t\t\t\t<\/div>\n\t\t\t\t<div class=\"elementor-element elementor-element-11e6f12 elementor-hidden-desktop elementor-hidden-tablet elementor-widget elementor-widget-text-editor\" data-id=\"11e6f12\" data-element_type=\"widget\" data-widget_type=\"text-editor.default\">\n\t\t\t\t\t\t\t\t\t<h3><b>Overview<\/b><\/h3><p>ICWE 2026 seeks tutorial proposals on a broad range of Web Engineering topics. Conference participants include researchers and practitioners looking forward to gaining insight and knowledge of up-to-date strategies, methodologies, technologies, and tools used for developing, maintaining, and evolving Web applications. Examples of relevant topics include, but are not limited to:<\/p><ul><li>Web application modeling and engineering<\/li><li>Web mining and knowledge extraction<\/li><li>Web Big Data and Web Data Analytics<\/li><li>Mobile Web applications<\/li><li>Web of Things applications<\/li><li>Social Web applications<\/li><li>Web crowdsourcing and human computation<\/li><li>Semantic Web, Web ontologies, and Linked Open Data applications<\/li><li>Web composition and mashups<\/li><li>Web user interfaces<\/li><li>Quality and accessibility aspects of Web applications<\/li><li>Web security and privacy<\/li><li>Web services, computing, and standards<\/li><li>Microservice architecture for Web applications<\/li><li>Cloud, fog, and edge computing for Web applications<\/li><li>Fairness of Web technology<\/li><li>User Modelling and Recommender Systems based on Web technology<\/li><li>Explainable Web technology<\/li><\/ul><p>Following the general debate on the need for human-centric, responsible, and inclusive web technologies, the 26th edition of ICWE in particular invites contributions under the following general theme: Agentic &amp; Autonomous Web: Design, Trust, Accessibility, Sustainability, and Performance.<\/p><p>All proposed tutorials should be <b>half-day (3 hours)<\/b> <b>or full-day (6 hours) in length<\/b>. The length of tutorial proposals is limited to <b>4 pages<\/b>. Proposals must clearly define both the scope and the depth of the tutorial, and they must clearly identify the intended audience, the assumed background knowledge, and learning objectives.<span class=\"Apple-converted-space\">\u00a0<\/span><\/p><p>All tutorial proposals must include the following information:<\/p><ul><li>Title of the tutorial<\/li><li>Contact information of the presenters (name, affiliation, email, mailing address, phone)<\/li><li>Abstract outlining the goals and content of the tutorial (max. 250 words)<\/li><li>Length of the tutorial as either 3 hours (half a day) or 6 hours (full day)<\/li><li>Definition of the intended audience (e.g., PhD students, early career researchers, all researchers, practitioners) and assumed background and knowledge<\/li><li>Overview of the tutorial structure, list of topics covered, and short description of learning objectives\/outcomes<\/li><li>Information about any hands-on component (e.g., where attendees will actually use a tool or do an exercise), and what kind of computer would be needed for this<\/li><li>Biographies of the presenter(s), including information regarding their expertise relevant to the tutorial<\/li><li>Any relevant references to the work of the presenters or other references relevant to the tutorial<\/li><li>Statement about any previous related tutorial presentations<\/li><li>Sample slides of the tutorial, if available<\/li><\/ul><p>The tutorial may be canceled if the number of registrations is very low. Along with a notification of acceptance, presenters will receive further instructions on how to prepare a four-page summary of the tutorial to be included in the conference proceedings, tutorial notes to be made available on the conference website, and brief biographies to be published in the conference program.<\/p><p><b>Submission Instructions<\/b><\/p><p>All submitted proposals must be formatted according to the Springer LNCS authors instructions available at <a href=\"https:\/\/www.springer.com\/gp\/computer-science\/lncs\/conference-proceedings-guidelines\">https:\/\/www.springer.com\/gp\/computer-science\/lncs\/conference-proceedings-guidelines<\/a> and submitted in PDF through the ICWE 2026 EasyChair web page: <a href=\"https:\/\/easychair.org\/conferences\/?conf=icwe2026\">https:\/\/easychair.org\/conferences\/?conf=icwe2026<\/a><\/p><p><a href=\"https:\/\/icwe2026.webengineering.org\/wp-content\/uploads\/2025\/10\/LNCS-Logo.png\"><img decoding=\"async\" class=\"alignnone size-medium wp-image-385\" src=\"https:\/\/icwe2026.webengineering.org\/wp-content\/uploads\/2025\/10\/LNCS-Logo-300x111.png\" alt=\"\" width=\"300\" height=\"111\" srcset=\"https:\/\/icwe2026.webengineering.org\/wp-content\/uploads\/2025\/10\/LNCS-Logo-300x111.png 300w, https:\/\/icwe2026.webengineering.org\/wp-content\/uploads\/2025\/10\/LNCS-Logo-768x284.png 768w, https:\/\/icwe2026.webengineering.org\/wp-content\/uploads\/2025\/10\/LNCS-Logo.png 800w\" sizes=\"(max-width: 300px) 100vw, 300px\" \/><\/a><\/p><p>A four-page summary of the proposal will be included in the ICWE 2026 Springer LNCS proceedings.<span class=\"Apple-converted-space\">\u00a0<\/span><\/p><p>Submissions that do not comply with the required submission format or that fall outside the scope of the conference will be desk-rejected without review.<\/p><p><b>Use of Generative AI<\/b><\/p><p>Authors should explicitly disclose the use of generative AI and AI-assisted technologies in their manuscripts when these tools are employed for more than just editing the author\u2019s text. This disclosure can be made through a statement placed at the end of the manuscript, preceding the References section.<\/p><p>If it comes to our notice that a submission utilizes large language models (LLMs) without clear disclosure, such papers will be subject to immediate desk rejection. However, if there is no usage of such technologies, no disclosure statement is required.<\/p><p><b>Important Dates<\/b><\/p><p>All dates are according to the time zone \u201cAnywhere on Earth\u201d, i.e., UTC-12.<\/p><p>\u25cf Paper submission: <del>February 13, 2026<\/del> (New) February 20, 2026<\/p><p>\u25cf Author notification: March 30, 2026<\/p><p>\u25cf Camera-ready due: April 3, 2026<\/p><p><b>Program Chairs<\/b><\/p><p>\u25cf Abel G\u00f3mez, Universitat Polit\u00e8cnica de Val\u00e8ncia, Spain<\/p><p>\u25cf Javier Luis C\u00e1novas Izquierdo, Universitat Oberta de Catalunya, Spain<\/p><p><b>General Chair<\/b><\/p><p>\u25cf Andrea Mauri, Lyon 1 University, France<\/p><p><b>Contact<\/b><\/p><p>Any questions about submitting contributions to the research track should be emailed to <a href=\"mailto:icwe2026tutorials@easychair.org\">icwe2026tutorials@easychair.org<\/a><span class=\"Apple-converted-space\">\u00a0<\/span><\/p>\t\t\t\t\t\t\t\t<\/div>\n\t\t\t\t<\/div>\n\t\t\t\t<\/div>\n\t\t\t\t\t<\/div>\n\t\t\t\t<\/div>\n\t\t\t\t<\/div>\n\t\t","protected":false},"excerpt":{"rendered":"<p>Tutorials Track Call for Papers Overview ICWE 2026 invites proposals for tutorials on a broad range of Web Engineering topics. Conference participants include researchers and practitioners who are seeking to gain insight and knowledge of up-to-date strategies, methodologies, technologies, and tools used for developing, maintaining, and evolving Web applications. Examples of relevant topics include, but [&hellip;]<\/p>\n","protected":false},"author":4,"featured_media":0,"parent":0,"menu_order":0,"comment_status":"closed","ping_status":"closed","template":"","meta":{"footnotes":""},"class_list":["post-70","page","type-page","status-publish","hentry"],"_links":{"self":[{"href":"https:\/\/icwe2026.webengineering.org\/index.php\/wp-json\/wp\/v2\/pages\/70","targetHints":{"allow":["GET"]}}],"collection":[{"href":"https:\/\/icwe2026.webengineering.org\/index.php\/wp-json\/wp\/v2\/pages"}],"about":[{"href":"https:\/\/icwe2026.webengineering.org\/index.php\/wp-json\/wp\/v2\/types\/page"}],"author":[{"embeddable":true,"href":"https:\/\/icwe2026.webengineering.org\/index.php\/wp-json\/wp\/v2\/users\/4"}],"replies":[{"embeddable":true,"href":"https:\/\/icwe2026.webengineering.org\/index.php\/wp-json\/wp\/v2\/comments?post=70"}],"version-history":[{"count":31,"href":"https:\/\/icwe2026.webengineering.org\/index.php\/wp-json\/wp\/v2\/pages\/70\/revisions"}],"predecessor-version":[{"id":585,"href":"https:\/\/icwe2026.webengineering.org\/index.php\/wp-json\/wp\/v2\/pages\/70\/revisions\/585"}],"wp:attachment":[{"href":"https:\/\/icwe2026.webengineering.org\/index.php\/wp-json\/wp\/v2\/media?parent=70"}],"curies":[{"name":"wp","href":"https:\/\/api.w.org\/{rel}","templated":true}]}}