{"id":91,"date":"2025-10-06T15:56:37","date_gmt":"2025-10-06T15:56:37","guid":{"rendered":"https:\/\/icwe2026.webengineering.org\/?page_id=91"},"modified":"2025-10-09T16:07:42","modified_gmt":"2025-10-09T16:07:42","slug":"past-conferences","status":"publish","type":"page","link":"https:\/\/icwe2026.webengineering.org\/index.php\/past-conferences\/","title":{"rendered":"Past Conferences"},"content":{"rendered":"\t\t<div data-elementor-type=\"wp-page\" data-elementor-id=\"91\" class=\"elementor elementor-91\">\n\t\t\t\t<div class=\"elementor-element elementor-element-69da591 e-flex e-con-boxed e-con e-parent\" data-id=\"69da591\" data-element_type=\"container\">\n\t\t\t\t\t<div class=\"e-con-inner\">\n\t\t\t\t<div class=\"elementor-element elementor-element-df0f173 elementor-widget elementor-widget-html\" data-id=\"df0f173\" data-element_type=\"widget\" data-widget_type=\"html.default\">\n\t\t\t\t\t<div class=\"wp-block-group is-layout-constrained wp-block-group-is-layout-constrained\">\n<div class=\"wp-block-group is-layout-constrained wp-block-group-is-layout-constrained\">\n<p><a href=\"https:\/\/icwe2025.webengineering.org\/\" data-type=\"link\" data-id=\"https:\/\/icwe2023.webengineering.org\/\"><strong>Twenty-fifth International Conference on Web Engineering (ICWE 2025)<\/strong><\/a><br>Date: 30.6.2025.-03.7.2025<br>Venue: Delft, Netherlands<br>General Chair(s): Alessandro Bozzon, Himanshu Verma <br>Program Chair(s): Jie Yang, Andrea Mauri<\/p>\n<\/div>\n\n\n\n<div class=\"wp-block-group is-layout-constrained wp-block-group-is-layout-constrained\">\n<div class=\"wp-block-group is-layout-constrained wp-block-group-is-layout-constrained\">\n<p><a href=\"https:\/\/icwe2024.webengineering.org\/\" data-type=\"link\" data-id=\"https:\/\/icwe2023.webengineering.org\/\"><strong>Twenty-fourth International Conference on Web Engineering (ICWE 2024)<\/strong><\/a><br>Date: 17.-20.6.2024<br>Venue: Tampere, Finland<br>General Chair(s): Kostas Stefanidis, Kari Systa <br>Program Chair(s): Maristella Matera, Sebastian Heil<\/p>\n<\/div>\n\n\n\n<div class=\"wp-block-group is-layout-constrained wp-block-group-is-layout-constrained\">\n<p><a href=\"https:\/\/icwe2023.webengineering.org\/\" data-type=\"link\" data-id=\"https:\/\/icwe2023.webengineering.org\/\"><strong>Twenty-third International Conference on Web Engineering (ICWE 2023)<\/strong><\/a><br>Date: 6.-9.7.2023<br>Venue: Alicante, Spain<br>General Chair(s): Irene Garrig\u00f3s Fern\u00e1ndez<br>Program Chair(s): Manuel Wimmer, Juan Manuel Murillo<\/p>\n<\/div>\n\n\n\n<p><a href=\"https:\/\/icwe2022.webengineering.org\/\"><strong>Twenty-second International Conference on Web Engineering (ICWE 2022)<\/strong><\/a><br>Date: 5.-8.7.2022<br>Venue: Bari, Italy<br>General Chair(s): Tommaso Di Noia<br>Program Chair(s): Markus Schedl, In-Young Ko<\/p>\n\n\n\n<p><a href=\"https:\/\/icwe2021.webengineering.org\/\"><strong>Twenty-first International Conference on Web Engineering (ICWE 2021)<\/strong><\/a><br>Date:18.-21.5-2021<br>Venue: Biarritz, France<br>General Chair(s): Richard Chbeir<br>Vice-General Chair: Flavius Frasincar&nbsp;<br>Program Co-Chair(s): Marco Brambilla, Ioana Manolescu<\/p>\n\n\n\n<p><a href=\"https:\/\/icwe2020.webengineering.org\/\"><strong>Twentieth International Conference on Web Engineering (ICWE 2020)<\/strong><\/a><br>Date: 9.-12.6.2020,<br>Venue: Helsinki, Finland<br>General Chair(s): Tommi Mikkonen<br>Program Co-Chair(s): Maria Bielikova, Cesare Pautasso<\/p>\n\n\n\n<p><a href=\"https:\/\/icwe2019.webengineering.org\/\"><strong>Nineteenth International&nbsp;<\/strong><\/a><a href=\"https:\/\/icwe2019.webengineering.org\/\"><strong>Conference on Web Engineering (ICWE 2019)<\/strong><\/a><br>Date: 11.-14.6.20219<br>Venue: Daejeon Convention Center (DCC), Daejeon, Korea<br>General Chair(s): In-Young Ko<br>Program Chair(s): Maxim Bakaev, Flavius Frasincar<\/p>\n\n\n\n<p><a href=\"https:\/\/icwe2018.webengineering.org\/\"><strong>Eighteenth International Conference on Web Engineering (ICWE 2018)<\/strong><\/a><br>Date: 5.-8.6.2018<br>Venue: C\u00e1ceres, Spain<br>General Chair(s): Juan Hern\u00e1ndez<br>Program Chair(s): Tommi Mikkonen, Ralf Klamma<\/p>\n\n\n\n<p><a href=\"https:\/\/icwe2017.webengineering.org\/\"><strong>Seventeenth International&nbsp;<\/strong><\/a><a href=\"https:\/\/icwe2017.webengineering.org\/\"><strong>Conference on Web Engineering (ICWE 2017)<\/strong><\/a><br>Date: 5.-8.6. 2017<br>Venue: Rome, Italy<br>General Chair(s): Riccardo Torlone<br>Program Chair(s): Roberto De Virgilio, Jordi Cabot<\/p>\n\n\n\n<p><a href=\"https:\/\/icwe2016.webengineering.org\/\"><strong>Sixteenth International Conference on Web Engineering (ICWE 2016)<\/strong><\/a><br>Date: 6.6.-9.6.2016<br>Venue: USI Faculty of Informatics, Lugano, Switzerland<br>General Chair(s): Cesare Pautasso<br>Program Chair(s): Alessandro Bozzon, Philippe Cudre-Mauroux<\/p>\n\n\n\n<p><a href=\"https:\/\/icwe2015.webengineering.org\/\"><strong>Fifteenth International Conference on Web Engineering (ICWE 2015)<\/strong><\/a><br>Date: 23.-26. 6.2015<br>Venue: Rotterdam, the Netherlands<br>General Chair(s): Flavius Frasincar<br>Vice-General Chair(s): Geert-Jan Houben<br>Program Committee Chai(s): Philipp Cimiano, Daniel Schwabe<\/p>\n\n\n\n<p><strong><a href=\"https:\/\/icwe2014.webengineering.org\/\">Fourteenth International Conference on Web Engineering (ICWE 2014)<\/a><\/strong><br>Date: 1.-4.7.2014<br>Venue: Toulouse, France<br>General Chair(s): Marco Winckler<br>Program Chair(s): Sven Casteleyn, Gustavo Rossi<\/p>\n\n\n\n<p><a href=\"https:\/\/icwe2013.webengineering.org\/\"><strong>Thirteenth International Conference on Web Engineering (ICWE 2013)<\/strong><\/a><br>Date: 8.-12.7. 2013<br>Venue: Aalborg, Denmark<br>General Chair(s): Peter Dolog<br>Program Chair(s): Florian Daniel, Qing Li<\/p>\n\n\n\n<p><strong><a href=\"https:\/\/icwe2012.webengineering.org\/\">Twelfth International Conference on Web Engineering (ICWE 2012)<\/a><\/strong><br>Date: 23.-27.7.2012<br>Venue: Berlin, Germany<br>General Chair(s): Robert Tolksdorf<br>Program Chair(s): Marco Brambilla, Takehiro Tokuda<\/p>\n\n\n\n<p><strong><a href=\"https:\/\/icwe2011.webengineering.org\/\">Eleventh International Conference on Web Engineering (ICWE 2011)<\/a><\/strong><br>Date: 20.-24.6. 2011<br>Venue: Paphos, Cyprus<br>General Chair(s): George Angelos Papadopoulos<br>Program Chair(s): Oscar Diaz, S\u00f6ren Auer<\/p>\n\n\n\n<p><strong><a href=\"https:\/\/icwe2010.webengineering.org\/\">Tenth International Conference on Web Engineering (ICWE 2010)<\/a><\/strong><br>Date: 5.-9.7. 2010<br>Venue: Vienna, Austria<br>General Chair(s): Gerti Kappel, Vienna University of Technology, Austria<br>Program Chairs: Boualem Benatallah , Fabio Casati, Gustavo Rossi<\/p>\n\n\n\n<p><a href=\"http:\/\/icwe2009.webengineering.org\/\" target=\"_blank\" rel=\"noreferrer noopener\"><strong>Ninth International Conference on Web Engineering (ICWE 2009)<\/strong><\/a><br>Date: 22-26.06.2009<br>Venue: San Sebastian, Spain<br>Conference Chair(s): Oscar Diaz<br>Program Chair(s): Martin Gaedke, Michael Grossniklaus<\/p>\n\n\n\n<p><a href=\"http:\/\/icwe2008.webengineering.org\/\" target=\"_blank\" rel=\"noreferrer noopener\"><strong>Eighth International Conference on Web Engineering (ICWE 2008)<\/strong><\/a><br>Date: 14-18.07.2008<br>Venue: Yorktown Heights, New York<br>Conference Chair(s): Paul Dantzig<br>Program Chair(s): Daniel Schwabe, Francisco Curbera<\/p>\n\n\n\n<p><a href=\"http:\/\/www.icwe2007.org\/\" target=\"_blank\" rel=\"noreferrer noopener\"><strong>Seventh International Conference on Web Engineering (ICWE 2007)<\/strong><\/a><br>Date: 16-20.07.2007<br>Venue: Como, Italy<br>Conference Chair(s): Piero Fraternali<br>Program Chair(s): Luciano Baresi, Geert-Jan Houben<\/p>\n\n\n\n<p><a href=\"http:\/\/icwe2006.webengineering.org\/\" target=\"_blank\" rel=\"noreferrer noopener\"><strong>Sixth International Conference on Web Engineering (ICWE 2006)<\/strong><\/a><br>Date: 12-14.07.2006<br>Venue: Palo Alto, USA<br>Conference Chair(s): David Wolber, Neil Calder<br>Program Chair(s): Chris Brooks, Athula Ginige<\/p>\n\n\n\n<p><strong>Fifth International Conference on Web Engineering (ICWE 2005)<\/strong><br>Date: 25-29.07.2005<br>Venue: Sydney, Australia<br>Conference Chair(s): San Murugesan<br>Program Chair(s): David Lowe, Martin Gaedke<\/p>\n\n\n\n<p><a href=\"http:\/\/www.icwe2004.org\/\" target=\"_blank\" rel=\"noreferrer noopener\"><strong>Fourth International Conference on Web Engineering (ICWE 2004)<\/strong><\/a><br>Date: 30-28.07.2004<br>Venue: Munich, Germany<br>Conference Chair(s): Nora Koch<br>Program Chair(s): Piero Fraternali<\/p>\n\n\n\n<p><a href=\"http:\/\/www.ootlab.uniovi.es\/Old\/ICWE\/home.htm\" target=\"_blank\" rel=\"noreferrer noopener\"><strong>Third International Conference on Web Engineering (ICWE 2003)<\/strong><\/a><br>Date: 14-18.07.2003<br>Venue: Oviedo, Spain<br>Conference Chair(s): Luis Joyanes Aguilar, Juan Manuel Cueva Lovelle<br>Program Chair(s): Oscar Pastor, Luis Olsina Santos, Mart\u00edn Gonz\u00e1lez Rodr\u00edguez<\/p>\n\n\n\n<p><a href=\"http:\/\/www.ing.unlpam.edu.ar\/icwe2002\/\" target=\"_blank\" rel=\"noreferrer noopener\"><strong>Ibero American Conference on Web Engineering (ICWE 2002)<\/strong><\/a><br>Date: 09-13.09.2002<br>Venue: Santa Fe, Argentina<br>Program Chair(s): Luis Olsina, Oscar Pastor<\/p>\n\n\n\n<p><a href=\"http:\/\/www.informandote.com\/jornadasIngWEB\/\" target=\"_blank\" rel=\"noreferrer noopener\"><strong>I Jornadas Internacionales de Ingenier\u00eda Web (ICWE 2001)<\/strong><\/a><br>Date: 25-26.06.2001<br>Venue: C\u00e1ceres, Spain<br>Conference Chair(s): Julia Gonz\u00e1lez Rodr\u00edguez<\/p>\n<\/div>\t\t\t\t<\/div>\n\t\t\t\t\t<\/div>\n\t\t\t\t<\/div>\n\t\t\t\t<\/div>\n\t\t","protected":false},"excerpt":{"rendered":"<p>Twenty-fifth International Conference on Web Engineering (ICWE 2025)Date: 30.6.2025.-03.7.2025Venue: Delft, NetherlandsGeneral Chair(s): Alessandro Bozzon, Himanshu Verma Program Chair(s): Jie Yang, Andrea Mauri Twenty-fourth International Conference on Web Engineering (ICWE 2024)Date: 17.-20.6.2024Venue: Tampere, FinlandGeneral Chair(s): Kostas Stefanidis, Kari Systa Program Chair(s): Maristella Matera, Sebastian Heil Twenty-third International Conference on Web Engineering (ICWE 2023)Date: 6.-9.7.2023Venue: Alicante, SpainGeneral [&hellip;]<\/p>\n","protected":false},"author":4,"featured_media":0,"parent":0,"menu_order":0,"comment_status":"closed","ping_status":"closed","template":"","meta":{"footnotes":""},"class_list":["post-91","page","type-page","status-publish","hentry"],"_links":{"self":[{"href":"https:\/\/icwe2026.webengineering.org\/index.php\/wp-json\/wp\/v2\/pages\/91","targetHints":{"allow":["GET"]}}],"collection":[{"href":"https:\/\/icwe2026.webengineering.org\/index.php\/wp-json\/wp\/v2\/pages"}],"about":[{"href":"https:\/\/icwe2026.webengineering.org\/index.php\/wp-json\/wp\/v2\/types\/page"}],"author":[{"embeddable":true,"href":"https:\/\/icwe2026.webengineering.org\/index.php\/wp-json\/wp\/v2\/users\/4"}],"replies":[{"embeddable":true,"href":"https:\/\/icwe2026.webengineering.org\/index.php\/wp-json\/wp\/v2\/comments?post=91"}],"version-history":[{"count":10,"href":"https:\/\/icwe2026.webengineering.org\/index.php\/wp-json\/wp\/v2\/pages\/91\/revisions"}],"predecessor-version":[{"id":301,"href":"https:\/\/icwe2026.webengineering.org\/index.php\/wp-json\/wp\/v2\/pages\/91\/revisions\/301"}],"wp:attachment":[{"href":"https:\/\/icwe2026.webengineering.org\/index.php\/wp-json\/wp\/v2\/media?parent=91"}],"curies":[{"name":"wp","href":"https:\/\/api.w.org\/{rel}","templated":true}]}}